{"id":8,"date":"2026-02-28T16:55:32","date_gmt":"2026-02-28T15:55:32","guid":{"rendered":"https:\/\/www.lauthentique-creation-bois.fr\/?page_id=8"},"modified":"2026-02-28T17:44:57","modified_gmt":"2026-02-28T16:44:57","slug":"accueil","status":"publish","type":"page","link":"https:\/\/lauthentique-creation-bois.fr\/","title":{"rendered":"Bienvenue"},"content":{"rendered":"\n<div class=\"wp-block-cover alignfull is-light has-contrast-color has-text-color has-link-color wp-elements-99312d23226e5630d7aece3a70acb853\" style=\"margin-top:0;margin-bottom:0;padding-top:var(--wp--preset--spacing--60);padding-right:var(--wp--preset--spacing--50);padding-bottom:var(--wp--preset--spacing--60);padding-left:var(--wp--preset--spacing--50);min-height:646px;aspect-ratio:unset;\"><span aria-hidden=\"true\" class=\"wp-block-cover__background has-base-background-color has-background-dim-100 has-background-dim\"><\/span><div class=\"wp-block-cover__inner-container has-global-padding is-layout-constrained wp-container-core-cover-is-layout-873ee6b1 wp-block-cover-is-layout-constrained\">\n<div class=\"wp-block-columns alignwide is-layout-flex wp-container-core-columns-is-layout-7ee84d44 wp-block-columns-is-layout-flex\">\n<div class=\"wp-block-column is-layout-flow wp-block-column-is-layout-flow\" style=\"flex-basis:65%\">\n<div class=\"wp-block-group is-vertical is-content-justification-stretch is-layout-flex wp-container-core-group-is-layout-353c4f5a wp-block-group-is-layout-flex\">\n<p class=\"is-style-text-subtitle has-large-font-size is-style-text-subtitle--1\">De ma plus tendre enfance, j\u2019ai une r\u00e9elle passion pour le bois, les arbres, la for\u00eat.&nbsp;<br>Je m\u2019appelle <strong>Cyril Lafond<\/strong> et \u00e0 l\u2019\u00e2ge de 6 ans, je voulais devenir b\u00fbcheron.&nbsp;<\/p>\n\n\n\n<p class=\"is-style-text-subtitle has-large-font-size is-style-text-subtitle--2\">Cette mati\u00e8re brute, naturelle, renouvelable, valorisable qui sent bon, non salissante, robuste pouvant cr\u00e9er des ouvrages qui durent dans le temps.&nbsp;<br>Cette mati\u00e8re vivante qui \u00e9volue en fonction de ce que l\u2019on en fait.&nbsp;<br>Des essences, toutes diff\u00e9rentes avec leurs fissures, n\u0153uds et autres traces de vie que l\u2019on respecte et valorise lors des cr\u00e9ations.<br>Du bois massif de toute beaut\u00e9 au nom de <strong>l\u2019AUTHENTIQUE<\/strong>.&nbsp;<\/p>\n<\/div>\n\n\n\n<p class=\"has-text-align-center is-style-text-subtitle has-border-color has-contrast-border-color has-accent-3-color has-text-color has-link-color has-large-font-size wp-elements-43d89feca4221abd980d3036ed3f6948 is-style-text-subtitle--3\" style=\"border-top-left-radius:6px;border-top-right-radius:6px;border-bottom-left-radius:6px;border-bottom-right-radius:6px\">Suite \u00e0 un incident technique, mon site est temporairement incomplet, en attendant vous pouvez me rejoindre sur Facebook ou Instagram pour voir mes r\u00e9alisations<\/p>\n\n\n\n<ul class=\"wp-block-list\">\n<li><a href=\"https:\/\/www.facebook.com\/profile.php?id=100087891941559\" data-type=\"link\" data-id=\"https:\/\/www.facebook.com\/profile.php?id=100087891941559\" target=\"_blank\" rel=\"noreferrer noopener\">Facebook<\/a><\/li>\n\n\n\n<li><a href=\"https:\/\/www.instagram.com\/authentique_creation_bois\/\" data-type=\"link\" data-id=\"https:\/\/www.instagram.com\/authentique_creation_bois\/\" target=\"_blank\" rel=\"noreferrer noopener\">Instagram<\/a><\/li>\n<\/ul>\n<\/div>\n\n\n\n<div class=\"wp-block-column is-layout-flow wp-block-column-is-layout-flow\" style=\"flex-basis:35%\">\n<div class=\"wp-block-group is-vertical is-content-justification-stretch is-nowrap is-layout-flex wp-container-core-group-is-layout-73b0033c wp-block-group-is-layout-flex\">\n<figure class=\"wp-block-image size-full\"><img loading=\"lazy\" decoding=\"async\" width=\"1536\" height=\"2048\" src=\"https:\/\/www.lauthentique-creation-bois.fr\/wp-content\/uploads\/2026\/02\/accueilauthentique.jpg\" alt=\"\" class=\"wp-image-10\" style=\"aspect-ratio:3\/4;object-fit:cover\" srcset=\"https:\/\/lauthentique-creation-bois.fr\/wp-content\/uploads\/2026\/02\/accueilauthentique.jpg 1536w, https:\/\/lauthentique-creation-bois.fr\/wp-content\/uploads\/2026\/02\/accueilauthentique-225x300.jpg 225w, https:\/\/lauthentique-creation-bois.fr\/wp-content\/uploads\/2026\/02\/accueilauthentique-768x1024.jpg 768w, https:\/\/lauthentique-creation-bois.fr\/wp-content\/uploads\/2026\/02\/accueilauthentique-1152x1536.jpg 1152w\" sizes=\"auto, (max-width: 1536px) 100vw, 1536px\" \/><\/figure>\n<\/div>\n<\/div>\n<\/div>\n<\/div><\/div>\n\n\n\n<p><\/p>\n","protected":false},"excerpt":{"rendered":"","protected":false},"author":1,"featured_media":10,"parent":0,"menu_order":0,"comment_status":"closed","ping_status":"closed","template":"","meta":{"footnotes":""},"class_list":["post-8","page","type-page","status-publish","has-post-thumbnail","hentry"],"_links":{"self":[{"href":"https:\/\/lauthentique-creation-bois.fr\/index.php?rest_route=\/wp\/v2\/pages\/8","targetHints":{"allow":["GET"]}}],"collection":[{"href":"https:\/\/lauthentique-creation-bois.fr\/index.php?rest_route=\/wp\/v2\/pages"}],"about":[{"href":"https:\/\/lauthentique-creation-bois.fr\/index.php?rest_route=\/wp\/v2\/types\/page"}],"author":[{"embeddable":true,"href":"https:\/\/lauthentique-creation-bois.fr\/index.php?rest_route=\/wp\/v2\/users\/1"}],"replies":[{"embeddable":true,"href":"https:\/\/lauthentique-creation-bois.fr\/index.php?rest_route=%2Fwp%2Fv2%2Fcomments&post=8"}],"version-history":[{"count":6,"href":"https:\/\/lauthentique-creation-bois.fr\/index.php?rest_route=\/wp\/v2\/pages\/8\/revisions"}],"predecessor-version":[{"id":27,"href":"https:\/\/lauthentique-creation-bois.fr\/index.php?rest_route=\/wp\/v2\/pages\/8\/revisions\/27"}],"wp:featuredmedia":[{"embeddable":true,"href":"https:\/\/lauthentique-creation-bois.fr\/index.php?rest_route=\/wp\/v2\/media\/10"}],"wp:attachment":[{"href":"https:\/\/lauthentique-creation-bois.fr\/index.php?rest_route=%2Fwp%2Fv2%2Fmedia&parent=8"}],"curies":[{"name":"wp","href":"https:\/\/api.w.org\/{rel}","templated":true}]}}